{"id":22712,"date":"2022-08-29T09:31:46","date_gmt":"2022-08-29T09:31:46","guid":{"rendered":"https:\/\/zumu.studio\/geri-odeme-ve-iade-kosullari\/"},"modified":"2022-09-20T15:56:23","modified_gmt":"2022-09-20T15:56:23","slug":"refund-and-return-policy","status":"publish","type":"page","link":"https:\/\/zumu.studio\/en\/refund-and-return-policy\/","title":{"rendered":"Refund and Return Policy"},"content":{"rendered":"\n<p><strong>zumu.studio<\/strong> m\u00fc\u015fterisi sat\u0131n ald\u0131\u011f\u0131 hizmetlerden; e-posta pazarlamas\u0131, sitemizde haz\u0131r paket olarak sat\u0131lan yaz\u0131l\u0131mlar, hosting, bar\u0131nd\u0131rma \u00fcr\u00fcnlerini sat\u0131\u015f tarihinden itibaren 15 g\u00fcn i\u00e7erisinde hi\u00e7bir mazeret g\u00f6stermeksizin iade talebinde bulunabilir.<\/p>\n\n\n\n<p>Ko\u015fulsuz iade \u015fartlar\u0131 sadece yeni sat\u0131n al\u0131nan e-posta pazarlamas\u0131, sitemizde haz\u0131r paket olarak sat\u0131lan yaz\u0131l\u0131mlar, hosting paketleri i\u00e7in ge\u00e7erlidir. \u00d6zel haz\u0131rlanan e-ticaret siteleri, \u00f6zel haz\u0131rlanan kurumsal websiteleri, \u00f6zel olarak yaz\u0131lan mobil uygulama, iste\u011fe \u00f6zel haz\u0131rlanan yaz\u0131l\u0131m hizmetleri ,domain, SSL gibi \u00fcr\u00fcn, hizmetler ve yenileme \u00f6demeleri iade kapsam\u0131n\u0131n d\u0131\u015f\u0131ndad\u0131r.<\/p>\n\n\n\n<p>M\u00fc\u015fterinin iade talebi olmas\u0131 durumunda bu talebini email arac\u0131l\u0131\u011f\u0131 ile <strong>zumu.studio<\/strong> m\u00fc\u015fteri hizmetlerine bildirmekle y\u00fck\u00fcml\u00fcd\u00fcr.<\/p>\n\n\n\n<p><strong>zumu.studio<\/strong> iadeyi havale, EFT, nakit veya Kredi kart\u0131 i\u015fleminin k\u0131smi iadesi \u015feklinde ger\u00e7ekle\u015ftirebilir. \u0130ade i\u015flemlerinde iade <strong>zumu.studio<\/strong>\u2018nun belirledi\u011fi kayna\u011fa, iade i\u015flemi i\u00e7in gerekli masraf d\u00fc\u015f\u00fcld\u00fckten sonra yap\u0131lacakt\u0131r.<\/p>\n","protected":false},"excerpt":{"rendered":"<p>zumu.studio m\u00fc\u015fterisi sat\u0131n ald\u0131\u011f\u0131 hizmetlerden; e-posta pazarlamas\u0131, sitemizde haz\u0131r paket olarak sat\u0131lan yaz\u0131l\u0131mlar, hosting, bar\u0131nd\u0131rma \u00fcr\u00fcnlerini sat\u0131\u015f tarihinden itibaren 15 g\u00fcn i\u00e7erisinde hi\u00e7bir mazeret g\u00f6stermeksizin iade talebinde bulunabilir. Ko\u015fulsuz iade&hellip;<\/p>\n","protected":false},"author":1,"featured_media":0,"parent":0,"menu_order":0,"comment_status":"closed","ping_status":"closed","template":"","meta":{"_mi_skip_tracking":false,"_monsterinsights_sitenote_active":false,"_monsterinsights_sitenote_note":"","_monsterinsights_sitenote_category":0,"footnotes":""},"class_list":["post-22712","page","type-page","status-publish","hentry"],"_links":{"self":[{"href":"https:\/\/zumu.studio\/en\/wp-json\/wp\/v2\/pages\/22712","targetHints":{"allow":["GET"]}}],"collection":[{"href":"https:\/\/zumu.studio\/en\/wp-json\/wp\/v2\/pages"}],"about":[{"href":"https:\/\/zumu.studio\/en\/wp-json\/wp\/v2\/types\/page"}],"author":[{"embeddable":true,"href":"https:\/\/zumu.studio\/en\/wp-json\/wp\/v2\/users\/1"}],"replies":[{"embeddable":true,"href":"https:\/\/zumu.studio\/en\/wp-json\/wp\/v2\/comments?post=22712"}],"version-history":[{"count":1,"href":"https:\/\/zumu.studio\/en\/wp-json\/wp\/v2\/pages\/22712\/revisions"}],"predecessor-version":[{"id":22714,"href":"https:\/\/zumu.studio\/en\/wp-json\/wp\/v2\/pages\/22712\/revisions\/22714"}],"wp:attachment":[{"href":"https:\/\/zumu.studio\/en\/wp-json\/wp\/v2\/media?parent=22712"}],"curies":[{"name":"wp","href":"https:\/\/api.w.org\/{rel}","templated":true}]}}