{"id":22709,"date":"2022-08-29T09:28:58","date_gmt":"2022-08-29T09:28:58","guid":{"rendered":"https:\/\/zumu.studio\/kisisel-verilerin-korunmasi\/"},"modified":"2022-09-20T15:56:15","modified_gmt":"2022-09-20T15:56:15","slug":"protection-of-personal-data","status":"publish","type":"page","link":"https:\/\/zumu.studio\/en\/protection-of-personal-data\/","title":{"rendered":"Protection of Personal Data"},"content":{"rendered":"\n<p><strong>Ki\u015fisel Verilerin Korunmas\u0131<\/strong><\/p>\n\n\n\n<p><strong>6698 Say\u0131l\u0131 Ki\u015fisel Verilerin Korunmas\u0131 Kanunu (KVKK) Hakk\u0131nda Bilgilendirme<\/strong><\/p>\n\n\n\n<p>Bu sayfada; \u00f6zel hayat\u0131n gizlili\u011fi, temel hak ve \u00f6zg\u00fcrl\u00fcklerin korunmas\u0131 amac\u0131yla y\u00fcr\u00fcrl\u00fc\u011fe giren \u201c6698 Say\u0131l\u0131 Ki\u015fisel Verilerin Korunmas\u0131 Kanunu\u201d hakk\u0131nda firmam\u0131z\u0131n \u00fcstlendi\u011fi sorumluluklar ve ayr\u0131ca kullan\u0131c\u0131 s\u0131fat\u0131yla sahip oldu\u011funuz haklar ile ilgili bilgilendirici i\u00e7erikler yer almaktad\u0131r.<\/p>\n\n\n\n<p>ZUMU olarak, notech ve di\u011fer markalar\u0131m\u0131z\u0131n sitelerini ziyaret eden, sa\u011flad\u0131klar\u0131 hizmetlerden faydalanan siz de\u011ferli kullan\u0131c\u0131lar\u0131m\u0131z\u0131n ki\u015fisel verilerini T\u00fcrkiye Cumhuriyeti kanunlar\u0131 kapsam\u0131nda korumak en b\u00fcy\u00fck \u00f6nceliklerimizdendir.<\/p>\n\n\n\n<p>Ki\u015fisel veri, kimli\u011fi belirli veya belirlenebilir ki\u015fiye ili\u015fkin ad, soyad, TC kimlik numaras\u0131, ileti\u015fim bilgileri gibi her t\u00fcrl\u00fc bilgiyi ifade etmektedir. Ki\u015fisel verileriniz; 6698 say\u0131l\u0131 Ki\u015fisel Verilerin Korunmas\u0131 Kanunu (\u201cKVKK\u201d), 5809 Say\u0131l\u0131 Elektronik Haberle\u015fme Kanunu, Bilgi Teknolojileri ve \u0130leti\u015fim Kurumu, Ki\u015fisel Verileri Korunma Kurumu d\u00fczenlemeleri ve sair mevzuat h\u00fck\u00fcmleri \u00e7er\u00e7evesinde i\u015flenebilecek olup; ilgili mevzuat gere\u011fince \u015firketimiz ki\u015fisel verilerinizin hukuka ayk\u0131r\u0131 olarak i\u015flenmesini \u00f6nleme, hukuka ayk\u0131r\u0131 olarak eri\u015filmesini \u00f6nleme ve muhafazas\u0131n\u0131 sa\u011flama amac\u0131yla, uygun g\u00fcvenlik d\u00fczeyini temin etmeye y\u00f6nelik t\u00fcm teknik ve idari tedbirleri almaktad\u0131r.<\/p>\n\n\n\n<p><strong>Ki\u015fisel Verilerin Toplanmas\u0131, \u0130\u015flenmesi ve \u0130\u015fleme Ama\u00e7lar\u0131<\/strong><\/p>\n\n\n\n<p><strong>KVKK madde 4 uyar\u0131nca:<\/strong><\/p>\n\n\n\n<ol class=\"wp-block-list\"><li>Ki\u015fisel veriler, ancak bu Kanunda ve di\u011fer kanunlarda \u00f6ng\u00f6r\u00fclen usul ve esaslara uygun olarak i\u015flenebilir.<\/li><li>Ki\u015fisel verilerin i\u015flenmesinde a\u015fa\u011f\u0131daki ilkelere uyulmas\u0131 zorunludur:<\/li><\/ol>\n\n\n\n<ul class=\"wp-block-list\"><li>Hukuka ve d\u00fcr\u00fcstl\u00fck kurallar\u0131na uygun olma.<\/li><li>Do\u011fru ve gerekti\u011finde g\u00fcncel olma.<\/li><li>Belirli, a\u00e7\u0131k ve me\u015fru ama\u00e7lar i\u00e7in i\u015flenme.<\/li><li>\u0130\u015flendikleri ama\u00e7la ba\u011flant\u0131l\u0131, s\u0131n\u0131rl\u0131 ve \u00f6l\u00e7\u00fcl\u00fc olma.<\/li><li>\u0130lgili mevzuatta \u00f6ng\u00f6r\u00fclen veya i\u015flendikleri ama\u00e7 i\u00e7in gerekli olan s\u00fcre kadar muhafaza edilme.<\/li><\/ul>\n\n\n\n<p>Ki\u015fisel verileriniz, ZUMU taraf\u0131ndan sunulan \u00fcr\u00fcn, hizmet ya da ticari faaliyete ba\u011fl\u0131 olarak de\u011fi\u015fkenlik g\u00f6sterebilmekle beraber; otomatik ya da otomatik olmayan y\u00f6ntemlerle, ofisler, internet sitesi, sosyal medya mecralar\u0131, mobil uygulamalar ve benzeri vas\u0131talarla s\u00f6zl\u00fc, yaz\u0131l\u0131 ya da elektronik olarak toplanabilecektir. ZUMU\u2019nun \u00fcr\u00fcn ve hizmetlerinden yararland\u0131\u011f\u0131n\u0131z s\u00fcrece olu\u015fturularak ve g\u00fcncellenerek ki\u015fisel verileriniz i\u015flenebilecektir. Ayr\u0131ca, internet sitemizi ziyaret etti\u011finizde, notech\u2019in d\u00fczenledi\u011fi e\u011fitim, seminer veya organizasyonlara kat\u0131ld\u0131\u011f\u0131n\u0131zda ki\u015fisel verileriniz i\u015flenebilecektir.<\/p>\n\n\n\n<p><strong>\u0130\u015flenen Ki\u015fisel Verilerin Kimlere ve Hangi Ama\u00e7la Aktar\u0131labilece\u011fi<\/strong><\/p>\n\n\n\n<p>Kay\u0131t alt\u0131na al\u0131nan ki\u015fisel verileriniz; alan ad\u0131 tescili, lisans tescili, SSL tescili ve benzeri hizmetler i\u00e7in, 3. Parti firmalar, kurum ve kurulu\u015flar; sunucu hizmetlerinde kullan\u0131lan hizmet ve lisanslara ba\u011fl\u0131 olarak yaz\u0131l\u0131mlar\u0131n \u00fcretici firmalar\u0131, \u00f6deme ve tahsilat hizmetleri i\u00e7in banka veya kredi kart\u0131 kurulu\u015flar\u0131, eposta g\u00f6nderim hizmeti sa\u011flayan 3. parti eposta g\u00f6nderim firmalar\u0131, faturalama ve muhasebe i\u015flemleri i\u00e7in efatura, ear\u015fiv ve benzeri elektronik belge i\u015fleyen firmalar ve kurumlar, kullan\u0131c\u0131 deneyimlerinin \u00f6l\u00e7\u00fclebilmesi ve pazarlama \u00e7al\u0131\u015fmalar\u0131n\u0131n yap\u0131labilmesi i\u00e7in 3. Parti istatistik ve analiz firmalar\u0131 ve yasal merciler ile gerekli \u00f6l\u00e7\u00fcde payla\u015f\u0131lmaktad\u0131r.<\/p>\n\n\n\n<p>Toplanan ki\u015fisel verileriniz; ZUMU taraf\u0131ndan sunulan \u00fcr\u00fcn ve hizmetlerden sizleri faydaland\u0131rmak i\u00e7in gerekli \u00e7al\u0131\u015fmalar\u0131n birimlerimiz taraf\u0131ndan yap\u0131lmas\u0131, ZUMU taraf\u0131ndan sunulan \u00fcr\u00fcn ve hizmetlerin sizlerin be\u011feni, kullan\u0131m al\u0131\u015fkanl\u0131klar\u0131 ve ihtiya\u00e7lar\u0131n\u0131za g\u00f6re \u00f6zelle\u015ftirilerek sizlere \u00f6nerilmesi, notech\u2019in ve zumu ile i\u015f ili\u015fkisi i\u00e7erisinde olan ki\u015filerin hukuki ve ticari g\u00fcvenli\u011finin temini, ZUMU\u2019nun ticari ve i\u015f stratejilerinin belirlenmesi ve uygulanmas\u0131 ile insan kaynaklar\u0131 politikalar\u0131n\u0131n y\u00fcr\u00fct\u00fclmesinin temini ama\u00e7lar\u0131yla, kanunen yetkili kamu kurumlar\u0131 ve \u00f6zel ki\u015filere, KVK Kanunu\u2019nun 8. ve 9. maddelerinde belirtilen ki\u015fisel veri i\u015fleme \u015fartlar\u0131 ve ama\u00e7lar\u0131 \u00e7er\u00e7evesinde aktar\u0131labilecektir.<\/p>\n\n\n\n<p><strong>Ki\u015fisel Veri Toplaman\u0131n Y\u00f6ntemi ve Hukuki Sebebi<\/strong><\/p>\n\n\n\n<p>Ki\u015fisel verileriniz, her t\u00fcrl\u00fc s\u00f6zl\u00fc, yaz\u0131l\u0131 ya da elektronik ortamda, yukar\u0131da yer verilen ama\u00e7lar do\u011frultusunda notech taraf\u0131ndan sunulan \u00fcr\u00fcn ve hizmetlerin belirlenen yasal \u00e7er\u00e7evede sunulabilmesi ve bu kapsamda ZUMU\u2019nun s\u00f6zle\u015fme ve yasadan do\u011fan mesuliyetlerini eksiksiz ve do\u011fru bir \u015fekilde yerine getirebilmesi gayesi ile edinilir. Bu hukuki sebeple toplanan ki\u015fisel verileriniz KVK Kanunu\u2019nun 5. ve 6. maddelerinde belirtilen ki\u015fisel veri i\u015fleme \u015fartlar\u0131 ve ama\u00e7lar\u0131 kapsam\u0131nda bu metnin (1) ve (2) numaral\u0131 maddelerinde belirtilen ama\u00e7larla da i\u015flenebilmekte ve aktar\u0131labilmektedir.<\/p>\n\n\n\n<p><strong>Ki\u015fisel Veri Sahibinin KVK Kanunu\u2019nun 11. Maddesinde Say\u0131lan Haklar\u0131<\/strong><\/p>\n\n\n\n<p>Ki\u015fisel veri sahipleri olarak, haklar\u0131n\u0131za ili\u015fkin taleplerinizi a\u015fa\u011f\u0131da d\u00fczenlenen y\u00f6ntemlerle ZUMU\u2019ya iletmeniz durumunda, ZUMU talebin niteli\u011fine g\u00f6re talebi en k\u0131sa s\u00fcrede ve en ge\u00e7 otuz g\u00fcn i\u00e7inde \u00fccretsiz olarak sonu\u00e7land\u0131racakt\u0131r. Ancak, i\u015flemin ayr\u0131ca bir maliyeti gerektirmesi halinde, ZUMU taraf\u0131ndan Ki\u015fisel Verileri Koruma Kurulu\u2019nca belirlenen tarifedeki \u00fccret al\u0131nacakt\u0131r.<\/p>\n\n\n\n<p>Bu kapsamda ki\u015fisel veri sahipleri;<\/p>\n\n\n\n<ul class=\"wp-block-list\"><li>Ki\u015fisel veri i\u015flenip i\u015flenmedi\u011fini \u00f6\u011frenme,<\/li><li>Ki\u015fisel verileri i\u015flenmi\u015fse buna ili\u015fkin bilgi talep etme,<\/li><li>Ki\u015fisel verilerin i\u015flenme amac\u0131n\u0131 ve bunlar\u0131n amac\u0131na uygun kullan\u0131l\u0131p kullan\u0131lmad\u0131\u011f\u0131n\u0131 \u00f6\u011frenme,<\/li><li>Yurt i\u00e7inde veya yurt d\u0131\u015f\u0131nda ki\u015fisel verilerin aktar\u0131ld\u0131\u011f\u0131 \u00fc\u00e7\u00fcnc\u00fc ki\u015fileri bilme,<\/li><li>Ki\u015fisel verilerin eksik veya yanl\u0131\u015f i\u015flenmi\u015f olmas\u0131 h\u00e2linde bunlar\u0131n d\u00fczeltilmesini isteme ve bu kapsamda yap\u0131lan i\u015flemin ki\u015fisel verilerin aktar\u0131ld\u0131\u011f\u0131 \u00fc\u00e7\u00fcnc\u00fc ki\u015filere bildirilmesini isteme,<\/li><li>6698 say\u0131l\u0131 Kanun ve ilgili di\u011fer kanun h\u00fck\u00fcmlerine uygun olarak i\u015flenmi\u015f olmas\u0131na ra\u011fmen, i\u015flenmesini gerektiren sebeplerin ortadan kalkmas\u0131 halinde ki\u015fisel verilerin silinmesini veya yok edilmesini isteme ve bu kapsamda yap\u0131lan i\u015flemin ki\u015fisel verilerin aktar\u0131ld\u0131\u011f\u0131 \u00fc\u00e7\u00fcnc\u00fc ki\u015filere bildirilmesini isteme,<\/li><li>\u0130\u015flenen verilerin m\u00fcnhas\u0131ran otomatik sistemler vas\u0131tas\u0131yla analiz edilmesi suretiyle ki\u015finin kendisi aleyhine bir sonucun ortaya \u00e7\u0131kmas\u0131na itiraz etme,<\/li><li>Ki\u015fisel verilerin kanuna ayk\u0131r\u0131 olarak i\u015flenmesi sebebiyle zarara u\u011framas\u0131 halinde zarar\u0131n giderilmesini talep etme haklar\u0131na sahiptir.<\/li><\/ul>\n\n\n\n<p>6698 say\u0131l\u0131 Kanun\u2019un 13. maddesinin 1. f\u0131kras\u0131 gere\u011fince, yukar\u0131da belirtilen haklar\u0131n\u0131z\u0131 kullanmak ile ilgili talebinizi, yaz\u0131l\u0131 veya Ki\u015fisel Verileri Koruma Kurulu\u2019nun belirledi\u011fi di\u011fer y\u00f6ntemlerle ZUMU\u2019ya iletebilirsiniz. Ki\u015fisel Verileri Koruma Kurulu, \u015fu a\u015famada herhangi bir y\u00f6ntem belirlemedi\u011fi i\u00e7in, ba\u015fvurunuzu, 6698 say\u0131l\u0131 Kanun gere\u011fince, yaz\u0131l\u0131 olarak ZUMU\u2019ya iletmeniz gerekmektedir.<\/p>\n","protected":false},"excerpt":{"rendered":"<p>Ki\u015fisel Verilerin Korunmas\u0131 6698 Say\u0131l\u0131 Ki\u015fisel Verilerin Korunmas\u0131 Kanunu (KVKK) Hakk\u0131nda Bilgilendirme Bu sayfada; \u00f6zel hayat\u0131n gizlili\u011fi, temel hak ve \u00f6zg\u00fcrl\u00fcklerin korunmas\u0131 amac\u0131yla y\u00fcr\u00fcrl\u00fc\u011fe giren \u201c6698 Say\u0131l\u0131 Ki\u015fisel Verilerin Korunmas\u0131&hellip;<\/p>\n","protected":false},"author":1,"featured_media":0,"parent":0,"menu_order":0,"comment_status":"closed","ping_status":"closed","template":"","meta":{"_mi_skip_tracking":false,"_monsterinsights_sitenote_active":false,"_monsterinsights_sitenote_note":"","_monsterinsights_sitenote_category":0,"footnotes":""},"class_list":["post-22709","page","type-page","status-publish","hentry"],"_links":{"self":[{"href":"https:\/\/zumu.studio\/en\/wp-json\/wp\/v2\/pages\/22709","targetHints":{"allow":["GET"]}}],"collection":[{"href":"https:\/\/zumu.studio\/en\/wp-json\/wp\/v2\/pages"}],"about":[{"href":"https:\/\/zumu.studio\/en\/wp-json\/wp\/v2\/types\/page"}],"author":[{"embeddable":true,"href":"https:\/\/zumu.studio\/en\/wp-json\/wp\/v2\/users\/1"}],"replies":[{"embeddable":true,"href":"https:\/\/zumu.studio\/en\/wp-json\/wp\/v2\/comments?post=22709"}],"version-history":[{"count":1,"href":"https:\/\/zumu.studio\/en\/wp-json\/wp\/v2\/pages\/22709\/revisions"}],"predecessor-version":[{"id":22711,"href":"https:\/\/zumu.studio\/en\/wp-json\/wp\/v2\/pages\/22709\/revisions\/22711"}],"wp:attachment":[{"href":"https:\/\/zumu.studio\/en\/wp-json\/wp\/v2\/media?parent=22709"}],"curies":[{"name":"wp","href":"https:\/\/api.w.org\/{rel}","templated":true}]}}