{"id":22705,"date":"2022-08-29T09:17:57","date_gmt":"2022-08-29T09:17:57","guid":{"rendered":"https:\/\/zumu.studio\/gizlilik-politikasi\/"},"modified":"2022-09-20T15:56:07","modified_gmt":"2022-09-20T15:56:07","slug":"privacy-policy","status":"publish","type":"page","link":"https:\/\/zumu.studio\/en\/privacy-policy\/","title":{"rendered":"Privacy Policy"},"content":{"rendered":"\n<p><strong>zumu.studio<\/strong> sitesinde i\u015flem yapmadan \u00f6nce l\u00fctfen bu Gizlilik Politikas\u0131n\u0131 okuyunuz, Gizlilik Politikas\u0131\u2019n\u0131 kabul etmiyorsan\u0131z, l\u00fctfen <strong>zumu.studio <\/strong>sitesi \u00fczerinde i\u015flem yapmay\u0131n\u0131z. Bu Gizlilik Politikas\u0131 <strong>zumu.studio<\/strong> i\u00e7in ge\u00e7erlidir ve <strong>zumu.studio<\/strong> \u00fczerinde bahsi ge\u00e7en di\u011fer siteler i\u00e7in ba\u011flay\u0131c\u0131 niteli\u011fi bulunmamaktad\u0131r. Bu Gizlilik Politikas\u0131 ile <strong>zumu.studio<\/strong>\u2018nun \u015fartlar\u0131n\u0131 kabul etmi\u015f olmaktas\u0131n\u0131z.<\/p>\n\n\n\n<p><strong>Ki\u015fisel Bilgi<\/strong><\/p>\n\n\n\n<p>\u00dcr\u00fcnlerimizi sizlere tan\u0131tmak, yeni \u00fcr\u00fcnlerimiz, hizmetlerimiz yada promosyonlar\u0131m\u0131zdan sizleri haberdar etmek, yeni \u00fcr\u00fcn sat\u0131\u015f\u0131 yapmak veya \u00fcr\u00fcn sat\u0131\u015f\u0131 sonras\u0131 destek vermek i\u00e7in <strong>zumu.studio <\/strong>sitesinde; isminiz, adresiniz, e-posta adresiniz ve telefon numaran\u0131z gibi size \u00f6zel, ki\u015fisel bilgilerinizi istememiz gerekebilir. Mevcut bilgileriniz yeterli olmad\u0131\u011f\u0131 durumda ek bilgiler sizden e-posta, telefon veya faks gibi ileti\u015fim ara\u00e7lar\u0131 ile istenebilir. T\u00fcm bu kapsam i\u00e7erisinde toplanan bilgi <strong>zumu.studio<\/strong> sitesinde ki\u015fisel bilgi olarak nitelendirilmektedir.<\/p>\n\n\n\n<p><strong>Otomatik Olarak Toplanan Ki\u015fisel Olmayan Bilgi<\/strong><\/p>\n\n\n\n<p><strong>zumu.studio<\/strong> siteyi ziyaretiniz s\u0131ras\u0131nda, \u0130nternet protokol adresiniz, bilgisayar\u0131n\u0131z\u0131n i\u015fletim sistemi, taray\u0131c\u0131 tipiniz, trafik bi\u00e7imleri yada herhangi ilgili Web sitelerinin adresi gibi belirli teknik bilgiyi toplamam\u0131za imkan veren teknolojileri kullanabilir. Ziyaret\u00e7ilerimiz hakk\u0131nda daha detayl\u0131 bilgi elde etmek i\u00e7in sitemiz taraf\u0131ndan bilgisayar\u0131n\u0131za cookie -\u00e7erez- olarak nitelendirilen bilgi dosyalar\u0131 g\u00f6nderilebilir. Bu dosyalar tamamen kulland\u0131\u011f\u0131n\u0131z sistem ile ilgili teknik bilgi i\u00e7eren ve d\u00fcnyada yayg\u0131n olarak kullan\u0131lan dosyalard\u0131r.<\/p>\n\n\n\n<p><strong>Bilginin Payla\u015f\u0131m\u0131<\/strong><\/p>\n\n\n\n<p><strong>zumu.studio<\/strong> ki\u015fisel bilgi i\u00e7ermeyen datay\u0131 (Kullan\u0131lan i\u015fletim sistemi, ziyaret\u00e7ilerin cinsiyeti vb.) 3. \u015fah\u0131slar ile bilgi vermek amac\u0131yla payla\u015fabilir. Yasal olarak taraf\u0131m\u0131zdan istenmedik\u00e7e ki\u015fisel olarak nitelendirilen \u00f6zel bilgiler 3. \u015fah\u0131slar ile payla\u015f\u0131lmamaktad\u0131r. <strong>zumu.studio<\/strong> notech company. markas\u0131d\u0131r, ve ki\u015fisel bilgiler; bilgi veya promosyon ama\u00e7l\u0131 \u015firket b\u00fcnyesindeki di\u011fer siteler ile payla\u015f\u0131labilir.<\/p>\n\n\n\n<p>Al\u0131nan hizmete ba\u011fl\u0131 olarak (SSL, domain, lisans vb.) <strong>zumu.studio<\/strong> kullan\u0131c\u0131 bilgilerini tescil veya hizmetten yararland\u0131rma i\u015fleminde kullanmak i\u00e7in 3. taraflar ile payla\u015fabilir. Burada payla\u015f\u0131m\u0131n amac\u0131 i\u015flemin ger\u00e7ekle\u015fmesi i\u00e7in gerekli olan zorunlu bilgilerin ilgili taraf (kurum\/firma) ile payla\u015f\u0131lmas\u0131d\u0131r. Alan ad\u0131 tescilinde ICANN kurallar\u0131na ba\u011fl\u0131 olarak notech whois bilgilerini ICANN \u0131n zorunlu ko\u015ftu\u011fu ve belirleyece\u011fi kurum veya firmalara iletebilir. Domain tescilinde; zorunlu olarak Domain Operat\u00f6r\u00fcne aktar\u0131lan hesap ve whois bilgilerini Domain Operat\u00f6r\u00fc kendi i\u015fleyi\u015fleri i\u00e7in kay\u0131t edebilir ve i\u015fleyebilirler.<\/p>\n\n\n\n<p><strong>G\u00fcvenlik<\/strong><\/p>\n\n\n\n<p><strong>zumu.studio<\/strong> verinin mutlak g\u00fcvenli\u011fi i\u00e7in gerekli teknolojik tedbirleri almaktad\u0131r. Ancak hi\u00e7bir teknolojik sistem %100 g\u00fcvenli de\u011fildir. <strong>zumu.studio<\/strong>\u2018nun hatal\u0131 kullan\u0131m yada ki\u015fisel bilgilerinize yetkisiz eri\u015fim gibi riskleri \u00f6nlemek yada minimum seviyeye indirmek i\u00e7in gerekli tedbirleri almaya ve bu y\u00f6nde bilgilendirici yay\u0131n yapmaya \u00e7al\u0131\u015ft\u0131\u011f\u0131n\u0131 bilmenizi isteriz. \u00d6zellikle online i\u015flem s\u0131ras\u0131nda kullan\u0131lan kredi kart\u0131 bilgilerinin 128 bit \u015fifreleme teknolojisi ile taraf\u0131n\u0131zdan al\u0131n\u0131p bankaya iletilmektedir.<\/p>\n\n\n\n<p><strong>Toplanan Verilerin Do\u011frulu\u011fu<\/strong><\/p>\n\n\n\n<p><strong>zumu.studio<\/strong> ziyaret\u00e7isi taraf\u0131ndan girilmi\u015f olan eksik yada yanl\u0131\u015f bilgiyi, ziyaret\u00e7isinden gelecek yeni bilgi veya \u00e7apraz sorgulama y\u00f6ntemi ile elde edece\u011fi do\u011fru bilgi ile de\u011fi\u015ftirebilir yada silebilir.<\/p>\n\n\n\n<p><strong>De\u011fi\u015fiklikler<\/strong><\/p>\n\n\n\n<p><strong>zumu.studio<\/strong> olarak diledi\u011fimiz zaman ve bildirimde bulunmadan bu Gizlilik Politikas\u0131\u2019n\u0131, Siteyi yada bu sayfalara eri\u015fimi de\u011fi\u015ftirebilir yada kald\u0131rabiliriz.<\/p>\n","protected":false},"excerpt":{"rendered":"<p>zumu.studio sitesinde i\u015flem yapmadan \u00f6nce l\u00fctfen bu Gizlilik Politikas\u0131n\u0131 okuyunuz, Gizlilik Politikas\u0131\u2019n\u0131 kabul etmiyorsan\u0131z, l\u00fctfen zumu.studio sitesi \u00fczerinde i\u015flem yapmay\u0131n\u0131z. Bu Gizlilik Politikas\u0131 zumu.studio i\u00e7in ge\u00e7erlidir ve zumu.studio \u00fczerinde bahsi&hellip;<\/p>\n","protected":false},"author":1,"featured_media":0,"parent":0,"menu_order":0,"comment_status":"closed","ping_status":"closed","template":"","meta":{"_mi_skip_tracking":false,"_monsterinsights_sitenote_active":false,"_monsterinsights_sitenote_note":"","_monsterinsights_sitenote_category":0,"footnotes":""},"class_list":["post-22705","page","type-page","status-publish","hentry"],"_links":{"self":[{"href":"https:\/\/zumu.studio\/en\/wp-json\/wp\/v2\/pages\/22705","targetHints":{"allow":["GET"]}}],"collection":[{"href":"https:\/\/zumu.studio\/en\/wp-json\/wp\/v2\/pages"}],"about":[{"href":"https:\/\/zumu.studio\/en\/wp-json\/wp\/v2\/types\/page"}],"author":[{"embeddable":true,"href":"https:\/\/zumu.studio\/en\/wp-json\/wp\/v2\/users\/1"}],"replies":[{"embeddable":true,"href":"https:\/\/zumu.studio\/en\/wp-json\/wp\/v2\/comments?post=22705"}],"version-history":[{"count":2,"href":"https:\/\/zumu.studio\/en\/wp-json\/wp\/v2\/pages\/22705\/revisions"}],"predecessor-version":[{"id":22708,"href":"https:\/\/zumu.studio\/en\/wp-json\/wp\/v2\/pages\/22705\/revisions\/22708"}],"wp:attachment":[{"href":"https:\/\/zumu.studio\/en\/wp-json\/wp\/v2\/media?parent=22705"}],"curies":[{"name":"wp","href":"https:\/\/api.w.org\/{rel}","templated":true}]}}